{"id":1296,"date":"2025-07-25T15:17:29","date_gmt":"2025-07-25T13:17:29","guid":{"rendered":"https:\/\/tryplo.nl\/allgemeine-bedingungen-und-konditionen\/"},"modified":"2025-08-13T09:22:22","modified_gmt":"2025-08-13T07:22:22","slug":"allgemeine-bedingungen-und-konditionen","status":"publish","type":"page","link":"https:\/\/tryplo.nl\/de\/allgemeine-bedingungen-und-konditionen\/","title":{"rendered":"Allgemeine Bedingungen und Konditionen"},"content":{"rendered":"\n<div class=\"ghostkit-grid ghostkit-grid-gap-md\"><div class=\"ghostkit-grid-inner\">\n<div class=\"ghostkit-col ghostkit-col-lg-12 ghostkit-col-2 is-layout-flow wp-block-ghostkit-grid-column-is-layout-flow\"><div class=\"ghostkit-col-content\"><\/div><\/div>\n\n\n\n<div class=\"ghostkit-col ghostkit-col-lg-12 ghostkit-col-8\"><div class=\"ghostkit-col-content is-layout-flow wp-block-ghostkit-grid-column-is-layout-flow\">\n<h2 class=\"wp-block-heading\">Allgemeine Gesch\u00e4ftsbedingungen &#8211; TRYPLO<\/h2>\n\n\n\r\n<div class=\"eye-block empty-space empty-space--small pt-md-3 pb-md-3 pt-2 pb-2\" ><\/div>\n\n\n<h4 class=\"wp-block-heading\">1. Wer sind wir?<\/h4>\n\n\n\n<p>TRYPLO ist auf die Lieferung personalisierter Fotoprodukte spezialisiert. Wir haben unseren Sitz in Heerlen und sind bei der Handelskammer unter der Nummer 14095530 eingetragen.  Unsere Umsatzsteuer-Identifikationsnummer lautet 818202567B01.<br\/><br\/>Diese Bedingungen gelten f\u00fcr alle unsere Dienstleistungen, Produkte und Mitteilungen \u00fcber unsere Website, mobile Anwendungen oder andere Kan\u00e4le.<\/p>\n\n\n\n<h4 class=\"wp-block-heading\">2. Wann gelten diese Bestimmungen und Bedingungen?<\/h4>\n\n\n\n<p>Wenn Sie unsere Dienste in Anspruch nehmen, ein Konto erstellen oder eine Bestellung aufgeben, erkl\u00e4ren Sie sich automatisch mit diesen Bedingungen und Konditionen einverstanden. Wir empfehlen Ihnen, sie sorgf\u00e4ltig zu lesen. Sie k\u00f6nnen sie jederzeit auf unserer Website einsehen oder erhalten sie auf Anfrage im PDF-Format.  <\/p>\n\n\n\n<h4 class=\"wp-block-heading\">3. Abschluss einer Bestellung<\/h4>\n\n\n\n<p>Ein Vertrag zwischen Ihnen und TRYPLO kommt zustande, sobald wir Ihre Zahlung erhalten haben und Ihr Entwurf erfolgreich hochgeladen wurde. Sie erhalten hier\u00fcber eine Best\u00e4tigung per E-Mail. <br\/><br\/>Bitte beachten Sie: Personalisierte Produkte werden speziell f\u00fcr Sie hergestellt und k\u00f6nnen nicht mehr storniert werden, sobald die Produktion begonnen hat.<\/p>\n\n\n\n<h4 class=\"wp-block-heading\">4. Produktionszeit und Lieferung<\/h4>\n\n\n\n<p>Sobald Ihre Bestellung vollst\u00e4ndig ausgef\u00fcllt und bezahlt ist, beginnen wir so schnell wie m\u00f6glich mit dem Produktionsprozess. Die voraussichtliche Lieferzeit wird bei Abschluss Ihrer Bestellung angegeben. Bitte beachten Sie, dass Feiertage, Sto\u00dfzeiten oder unvorhergesehene Umst\u00e4nde diese Lieferzeit beeinflussen k\u00f6nnen.  <\/p>\n\n\n\n<h4 class=\"wp-block-heading\">5. Preise<\/h4>\n\n\n\n<p>Die auf unserer Website, in unseren E-Mails und Marketingmaterialien angegebenen Preise dienen lediglich der Information und k\u00f6nnen von Zeit zu Zeit variieren, abh\u00e4ngig von Faktoren wie der Verf\u00fcgbarkeit von Materialien, Auswahlm\u00f6glichkeiten und laufenden Werbeaktionen.<\/p>\n\n\n\n<h4 class=\"wp-block-heading\">5.2. Mehrwertsteuer und zus\u00e4tzliche Kosten<\/h4>\n\n\n\n<p>Alle Preise enthalten die Mehrwertsteuer, sofern anwendbar. Die Preise enthalten keine Versandkosten, Einfuhrz\u00f6lle, Abgaben und andere Steuern, die anfallen k\u00f6nnen. <\/p>\n\n\n\n<h4 class=\"wp-block-heading\">5.3. Zahlung und Versandkosten<\/h4>\n\n\n\n<p>Der Endpreis Ihrer Bestellung, einschlie\u00dflich der Versandkosten, wird w\u00e4hrend des Bestellvorgangs angezeigt und ist Teil unseres Angebots. Mit der Bezahlung, dem letzten Schritt des Bestellvorgangs, erkl\u00e4ren Sie sich mit diesem Preis einverstanden.<br\/>Bei Lieferungen au\u00dferhalb der Niederlande sind in den Versandkosten keine zus\u00e4tzlichen Kosten wie Z\u00f6lle, Einfuhrsteuern und andere Abgaben enthalten. Diese Kosten werden von den Zollbeh\u00f6rden des Bestimmungslandes berechnet, und wir k\u00f6nnen Ihnen keine spezifischen Informationen dar\u00fcber geben. Wir empfehlen Ihnen, sich bei Ihrer \u00f6rtlichen Zollbeh\u00f6rde zu erkundigen, ob diese Kosten f\u00fcr Ihre Bestellung anfallen. Dies gilt nicht f\u00fcr Bestellungen innerhalb der Niederlande.    <\/p>\n\n\n\n<h4 class=\"wp-block-heading\">5.4. Erm\u00e4\u00dfigungen und Sonderangebote<\/h4>\n\n\n\n<p>Im Falle von Rabattcodes und Werbeaktionen unterliegt jeder Rabatt bestimmten Bedingungen. Wenn ein Rabattcode nicht mehr g\u00fcltig ist, gilt der normale Preis f\u00fcr die betreffenden Produkte. <\/p>\n\n\n\n<h4 class=\"wp-block-heading\">5.5. Zahlungsarten und Best\u00e4tigung<\/h4>\n\n\n\n<p>Auf unseren Websites und in unseren Apps finden Sie Informationen \u00fcber die verschiedenen verf\u00fcgbaren Zahlungsarten. Sie geben eine Bestellung auf, indem Sie Ihre Zahlung w\u00e4hrend des Bestellvorgangs abschlie\u00dfen. Sobald wir Ihre Zahlung erhalten haben, wird Ihre Bestellung registriert und der Vertrag wird geschlossen, vorbehaltlich des erfolgreichen Hochladens Ihrer Fotos. Nach Eingang Ihrer Zahlung erhalten Sie von uns eine Best\u00e4tigung per E-Mail.   <\/p>\n\n\n\n<h4 class=\"wp-block-heading\">6. Ihre Verantwortlichkeiten<\/h4>\n\n\n\n<ul class=\"wp-block-list\">\n<li>Sie sind verantwortlich f\u00fcr die Verwendung der von Ihnen bereitgestellten Bilder und Texte. Sie erkl\u00e4ren, dass Sie die gesetzlichen Rechte daf\u00fcr besitzen, einschlie\u00dflich der Urheber- und Portr\u00e4trechte. <\/li>\n\n\n\n<li>Es ist nicht erlaubt, Bilder zu verwenden, die illegal, beleidigend, diskriminierend oder anderweitig unangemessen sind.<\/li>\n\n\n\n<li>Unsere Produkte sind nur f\u00fcr den pers\u00f6nlichen Gebrauch bestimmt. Die kommerzielle Nutzung ist nur mit schriftlicher Zustimmung von TRYPLO gestattet. <\/li>\n\n\n\n<li>Sie d\u00fcrfen unsere Website oder Software nicht f\u00fcr sch\u00e4dliche Aktivit\u00e4ten wie die Verbreitung von Viren oder Spam verwenden.<\/li>\n\n\n\n<li>Wenn Sie durch Ihre Nutzung TRYPLO oder Dritten Schaden zuf\u00fcgen, sind Sie daf\u00fcr voll haftbar.<\/li>\n<\/ul>\n\n\n\n<h4 class=\"wp-block-heading\">7. Haftung<\/h4>\n\n\n\n<p>TRYPLO tut sein Bestes, um qualitativ hochwertige Produkte zu liefern. Sollte etwas schief gehen, kontaktieren Sie uns bitte \u00fcber unseren Kundenservice. <\/p>\n\n\n\n<p>Unsere Haftung ist immer auf den Betrag beschr\u00e4nkt, den Sie f\u00fcr die jeweilige Bestellung bezahlt haben. Wir haften nicht f\u00fcr mittelbare Sch\u00e4den wie entgangenen Gewinn oder Folgesch\u00e4den, es sei denn, es liegt Vorsatz oder grobe Fahrl\u00e4ssigkeit unsererseits vor. <\/p>\n\n\n\n<h4 class=\"wp-block-heading\">8. Geistiges Eigentum<\/h4>\n\n\n\n<p>Alle Rechte an unserer Software, unseren Designs, Texten, Logos und anderen Inhalten auf unseren Plattformen liegen bei TRYPLO oder unseren Partnern. Sie erhalten nur das Recht, unsere Dienste wie beschrieben zu nutzen. Sie d\u00fcrfen unsere Inhalte nicht ohne Erlaubnis kopieren, verbreiten oder bearbeiten. <\/p>\n\n\n\n<h4 class=\"wp-block-heading\">9. Datenschutz und Datenverarbeitung<\/h4>\n\n\n\n<p>Wir gehen sorgf\u00e4ltig mit Ihren pers\u00f6nlichen Daten um und halten uns an die geltenden Datenschutzbestimmungen (AVG).<\/p>\n\n\n\n<h4 class=\"wp-block-heading\">9.1. Welche Daten verarbeiten wir?<\/h4>\n\n\n\n<p>Wir verarbeiten ausschlie\u00dflich die Daten, die f\u00fcr die Erstellung und Lieferung Ihres Tryplo-Produkts erforderlich sind, wie z. B.:<\/p>\n\n\n\n<ul class=\"wp-block-list\">\n<li>Ihr Name und Ihre Kontaktangaben<\/li>\n\n\n\n<li>Das\/die von Ihnen zur Verf\u00fcgung gestellte(n) Foto(s)<\/li>\n\n\n\n<li>Zus\u00e4tzliche Informationen zur Personalisierung<\/li>\n<\/ul>\n\n\n\n<h4 class=\"wp-block-heading\">9.2. Wie lange bewahren wir Ihre Fotos auf?<\/h4>\n\n\n\n<p>Ihre Fotos werden maximal 30 Tage nach Lieferung des Produkts aufbewahrt, es sei denn, Sie erteilen uns die Erlaubnis, sie l\u00e4nger zu verwenden (z. B. f\u00fcr ein Portfolio oder Nachdrucke).<\/p>\n\n\n\n<h4 class=\"wp-block-heading\">9.3. Mit wem teilen wir Ihre Fotos?<\/h4>\n\n\n\n<p>Wir geben Ihre Daten nicht an Dritte weiter, au\u00dfer an Produktionspartner, die f\u00fcr den Druck und Versand Ihres Tryplo erforderlich sind. Diese Parteien sind an strenge Datenschutzbestimmungen gebunden. <\/p>\n\n\n\n<h4 class=\"wp-block-heading\">9.4. Ihre Rechte<\/h4>\n\n\n\n<p>Sie haben jederzeit das Recht, Ihre Daten einzusehen, zu korrigieren oder zu l\u00f6schen. Senden Sie uns dazu bitte eine Nachricht an contact@tryplo.nl. <\/p>\n\n\n\n<h4 class=\"wp-block-heading\">10. Aufbewahrungsfristen<\/h4>\n\n\n\n<p>&#8211; Projekte, die Sie erstellen, aber nicht bestellen, werden nach 18 Monaten automatisch gel\u00f6scht.<br\/>&#8211; Wenn Sie ein Konto \u00fcber einen l\u00e4ngeren Zeitraum (z. B. 18 Monate) nicht nutzen, k\u00f6nnen wir Ihre Projekte l\u00f6schen.<br\/>&#8211; Wir bewahren Rechnungsdaten rechtm\u00e4\u00dfig bis zu f\u00fcnf Jahre lang auf.<\/p>\n\n\n\n<h4 class=\"wp-block-heading\">11. H\u00f6here Gewalt<\/h4>\n\n\n\n<p>Wenn wir aufgrund von Umst\u00e4nden, auf die wir keinen Einfluss haben, wie Stromausf\u00e4lle, Naturkatastrophen, Pandemien oder staatliche Ma\u00dfnahmen, vor\u00fcbergehend nicht liefern k\u00f6nnen, gilt dies als h\u00f6here Gewalt. In diesem Fall k\u00f6nnen wir unsere Verpflichtungen aussetzen oder den Vertrag aufl\u00f6sen. <\/p>\n\n\n\n<h4 class=\"wp-block-heading\">12. \u00c4nderungen dieser Bedingungen und Konditionen<\/h4>\n\n\n\n<p>Wir behalten uns das Recht vor, diese Bedingungen zu \u00e4ndern. Wichtige \u00c4nderungen werden im Voraus per E-Mail oder auf unserer Website angek\u00fcndigt. Wenn Sie unsere Dienste nach einer \u00c4nderung weiterhin nutzen, erkl\u00e4ren Sie sich mit den ge\u00e4nderten Bedingungen einverstanden.  <\/p>\n\n\n\n<h4 class=\"wp-block-heading\">13. Anwendbares Recht und Streitigkeiten<\/h4>\n\n\n\n<p>Auf diese Bedingungen ist ausschlie\u00dflich niederl\u00e4ndisches Recht anwendbar. Alle Streitigkeiten werden vor dem zust\u00e4ndigen Gericht in Amsterdam verhandelt. Sie k\u00f6nnen auch die europ\u00e4ische OS-Plattform<a href=\"https:\/\/ec.europa.eu\/consumers\/odr\" target=\"_blank\" rel=\"noreferrer noopener\">(https:\/\/ec.europa.eu\/consumers\/odr)<\/a> f\u00fcr die Online-Streitbeilegung nutzen.  <\/p>\n<\/div><\/div>\n\n\n\n<div class=\"ghostkit-col ghostkit-col-lg-12 ghostkit-col-2 is-layout-flow wp-block-ghostkit-grid-column-is-layout-flow\"><div class=\"ghostkit-col-content\"><\/div><\/div>\n<\/div><\/div>\n","protected":false},"excerpt":{"rendered":"","protected":false},"author":1,"featured_media":0,"parent":0,"menu_order":0,"comment_status":"closed","ping_status":"closed","template":"","meta":{"_acf_changed":false,"content-type":"","ghostkit_customizer_options":"","ghostkit_custom_css":"","ghostkit_custom_js_head":"","ghostkit_custom_js_foot":"","ghostkit_typography":"","footnotes":""},"class_list":["post-1296","page","type-page","status-publish","hentry"],"acf":[],"_links":{"self":[{"href":"https:\/\/tryplo.nl\/de\/wp-json\/wp\/v2\/pages\/1296","targetHints":{"allow":["GET"]}}],"collection":[{"href":"https:\/\/tryplo.nl\/de\/wp-json\/wp\/v2\/pages"}],"about":[{"href":"https:\/\/tryplo.nl\/de\/wp-json\/wp\/v2\/types\/page"}],"author":[{"embeddable":true,"href":"https:\/\/tryplo.nl\/de\/wp-json\/wp\/v2\/users\/1"}],"replies":[{"embeddable":true,"href":"https:\/\/tryplo.nl\/de\/wp-json\/wp\/v2\/comments?post=1296"}],"version-history":[{"count":4,"href":"https:\/\/tryplo.nl\/de\/wp-json\/wp\/v2\/pages\/1296\/revisions"}],"predecessor-version":[{"id":1496,"href":"https:\/\/tryplo.nl\/de\/wp-json\/wp\/v2\/pages\/1296\/revisions\/1496"}],"wp:attachment":[{"href":"https:\/\/tryplo.nl\/de\/wp-json\/wp\/v2\/media?parent=1296"}],"curies":[{"name":"wp","href":"https:\/\/api.w.org\/{rel}","templated":true}]}}