{"id":1245,"date":"2025-07-21T18:42:59","date_gmt":"2025-07-21T16:42:59","guid":{"rendered":"https:\/\/tryplo.nl\/baba-form-1\/"},"modified":"2025-08-13T09:22:27","modified_gmt":"2025-08-13T07:22:27","slug":"baba-form-1","status":"publish","type":"page","link":"https:\/\/tryplo.nl\/de\/baba-form-1\/","title":{"rendered":"Baba Form 1"},"content":{"rendered":"\n<div class=\"ghostkit-grid ghostkit-grid-gap-md ghostkit-grid-justify-content-center\"><div class=\"ghostkit-grid-inner\">\n<div class=\"ghostkit-col ghostkit-col-lg-12 ghostkit-col-xl-12 ghostkit-col-8\"><div class=\"ghostkit-col-content is-layout-flow wp-block-ghostkit-grid-column-is-layout-flow\">\n<h1 class=\"wp-block-heading h2\"><strong>Wir freuen uns darauf, Sie bei der Baba Friends Party im Roda-Stadion zu sehen.<\/strong><\/h1>\n\n\n\n<p>Am Mittwoch, 3. September 2025, findet im Roda-Stadion eine besondere Benefizveranstaltung statt. Rund 50 Legenden, darunter viele Fu\u00dfballer von Ajax, Roda und VVV, werden dabei sein. Das Programm beginnt um 16:00 Uhr und endet um 21:00 Uhr.  <\/p>\n\n\n\n<p>SupportBaba&#8220; konzentriert sich haupts\u00e4chlich auf die Finanzierung der medizinischen Versorgung. Um eine ordnungsgem\u00e4\u00dfe administrative Bearbeitung zu gew\u00e4hrleisten, f\u00fcllen Sie bitte die nachstehenden Angaben aus. <\/p>\n\n\n\n<div class=\"wp-block-leadin-hubspot-form-block\">\n\t\t\t<div\n\t\t\tclass=\"hs-form-frame\"\n\t\t\tdata-region=\"eu1\"\n\t\t\tdata-form-id=\"16072f79-df54-4ad7-9fab-46ab2c482fba\"\n\t\t\tdata-portal-id=\"146587772\"\n\t\t\t >\n\t\t\t<\/div>\n\t\t\t<\/div>\n\n\n\n<h4 class=\"wp-block-heading\">Was geschieht nach Ihrer Bewerbung?<\/h4>\n\n\n\n<p>W\u00e4hrend und nach der Veranstaltung erh\u00e4lt jeder Besucher lustige Gadgets zur Erinnerung an diese Veranstaltung, die im Eintrittspreis enthalten sind. Aus diesem Grund ist es wichtig, dass sich jeder Besucher ordnungsgem\u00e4\u00df registriert. <\/p>\n\n\n\n<p>Nach der Anmeldung erhalten Sie von uns:<br\/>&#8211; eine E-Mail mit der Best\u00e4tigung Ihrer Anmeldung<br\/>&#8211; die E-Mail enth\u00e4lt einen Link, \u00fcber den Sie die Namen Ihrer G\u00e4ste angeben k\u00f6nnen<br\/>&#8211; Sie erhalten die Rechnung im Namen von &#8222;Stichting Support Baba&#8220; (Zahlung im Voraus vor der Veranstaltung)<\/p>\n<\/div><\/div>\n<\/div><\/div>\n","protected":false},"excerpt":{"rendered":"","protected":false},"author":2,"featured_media":0,"parent":0,"menu_order":0,"comment_status":"closed","ping_status":"closed","template":"","meta":{"_acf_changed":false,"content-type":"","ghostkit_customizer_options":"","ghostkit_custom_css":"","ghostkit_custom_js_head":"","ghostkit_custom_js_foot":"","ghostkit_typography":"","footnotes":""},"class_list":["post-1245","page","type-page","status-publish","hentry"],"acf":[],"_links":{"self":[{"href":"https:\/\/tryplo.nl\/de\/wp-json\/wp\/v2\/pages\/1245","targetHints":{"allow":["GET"]}}],"collection":[{"href":"https:\/\/tryplo.nl\/de\/wp-json\/wp\/v2\/pages"}],"about":[{"href":"https:\/\/tryplo.nl\/de\/wp-json\/wp\/v2\/types\/page"}],"author":[{"embeddable":true,"href":"https:\/\/tryplo.nl\/de\/wp-json\/wp\/v2\/users\/2"}],"replies":[{"embeddable":true,"href":"https:\/\/tryplo.nl\/de\/wp-json\/wp\/v2\/comments?post=1245"}],"version-history":[{"count":3,"href":"https:\/\/tryplo.nl\/de\/wp-json\/wp\/v2\/pages\/1245\/revisions"}],"predecessor-version":[{"id":1498,"href":"https:\/\/tryplo.nl\/de\/wp-json\/wp\/v2\/pages\/1245\/revisions\/1498"}],"wp:attachment":[{"href":"https:\/\/tryplo.nl\/de\/wp-json\/wp\/v2\/media?parent=1245"}],"curies":[{"name":"wp","href":"https:\/\/api.w.org\/{rel}","templated":true}]}}