{"id":1205,"date":"2025-08-07T10:04:09","date_gmt":"2025-08-07T08:04:09","guid":{"rendered":"https:\/\/tryplo.nl\/datenschutzbestimmungen\/"},"modified":"2025-08-13T09:18:06","modified_gmt":"2025-08-13T07:18:06","slug":"datenschutzbestimmungen","status":"publish","type":"page","link":"https:\/\/tryplo.nl\/de\/datenschutzbestimmungen\/","title":{"rendered":"Datenschutzbestimmungen"},"content":{"rendered":"\n<div class=\"ghostkit-grid ghostkit-grid-gap-md\"><div class=\"ghostkit-grid-inner\">\n<div class=\"ghostkit-col ghostkit-col-lg-12 ghostkit-col-2 is-layout-flow wp-block-ghostkit-grid-column-is-layout-flow\"><div class=\"ghostkit-col-content\"><\/div><\/div>\n\n\n\n<div class=\"ghostkit-col ghostkit-col-lg-12 ghostkit-col-8\"><div class=\"ghostkit-col-content is-layout-flow wp-block-ghostkit-grid-column-is-layout-flow\">\n<h1 class=\"wp-block-heading\">Datenschutzbestimmungen<\/h1>\n\n\n\n<p>Tryplo, mit Sitz in Heerlen, ist verantwortlich f\u00fcr die Verarbeitung personenbezogener Daten, wie sie in dieser Datenschutzerkl\u00e4rung beschrieben sind. Eingetragen bei der Handelskammer unter der Nummer 14095530. Unsere Umsatzsteuer-Identifikationsnummer lautet 818202567B01.  <\/p>\n\n\n\n<p>Weitere Informationen \u00fcber die Verarbeitung Ihrer Daten finden Sie in den <a href=\"https:\/\/tryplo.nl\/de\/allgemeine-bedingungen-und-konditionen\/\" data-type=\"page\" data-id=\"990\">Allgemeinen Gesch\u00e4ftsbedingungen (AGB<\/a>).<\/p>\n\n\n\n<h2 class=\"wp-block-heading\">Cookies<\/h2>\n\n\n\n<p>Wir sammeln Daten zu Forschungszwecken, um unsere Kunden besser zu verstehen, damit wir unsere Dienstleistungen entsprechend anpassen k\u00f6nnen. Diese Website verwendet &#8222;Cookies&#8220; (Textdateien, die auf Ihrem Computer gespeichert werden), um zu analysieren, wie die Nutzer die Website verwenden. Die von dem Cookie erzeugten Informationen \u00fcber Ihre Nutzung der Website k\u00f6nnen an die eigenen sicheren Server von Tryplo oder an die eines Dritten \u00fcbertragen werden. Wir verwenden diese Informationen, um zu verfolgen, wie Sie die Website nutzen, um Berichte \u00fcber die Website-Aktivit\u00e4ten zu erstellen und um weitere mit der Website-Aktivit\u00e4t und der Internetnutzung verbundene Dienstleistungen anzubieten.   <\/p>\n\n\n\n<h3 class=\"wp-block-heading\">Cookies deaktivieren<\/h3>\n\n\n\n<p>Die meisten Browser sind so eingestellt, dass sie Cookies standardm\u00e4\u00dfig akzeptieren, aber Sie k\u00f6nnen Ihren Browser so einstellen, dass er alle Cookies ablehnt oder anzeigt, wenn ein Cookie gesendet wird. Allerdings k\u00f6nnen einige Funktionen und Dienste auf unserer und anderen Websites nicht richtig funktionieren, wenn Cookies in Ihrem Browser deaktiviert sind. <\/p>\n<\/div><\/div>\n\n\n\n<div class=\"ghostkit-col ghostkit-col-lg-12 ghostkit-col-2 is-layout-flow wp-block-ghostkit-grid-column-is-layout-flow\"><div class=\"ghostkit-col-content\"><\/div><\/div>\n<\/div><\/div>\n","protected":false},"excerpt":{"rendered":"","protected":false},"author":1,"featured_media":0,"parent":0,"menu_order":0,"comment_status":"closed","ping_status":"closed","template":"","meta":{"_acf_changed":false,"content-type":"","ghostkit_customizer_options":"","ghostkit_custom_css":"","ghostkit_custom_js_head":"","ghostkit_custom_js_foot":"","ghostkit_typography":"","footnotes":""},"class_list":["post-1205","page","type-page","status-publish","hentry"],"acf":[],"_links":{"self":[{"href":"https:\/\/tryplo.nl\/de\/wp-json\/wp\/v2\/pages\/1205","targetHints":{"allow":["GET"]}}],"collection":[{"href":"https:\/\/tryplo.nl\/de\/wp-json\/wp\/v2\/pages"}],"about":[{"href":"https:\/\/tryplo.nl\/de\/wp-json\/wp\/v2\/types\/page"}],"author":[{"embeddable":true,"href":"https:\/\/tryplo.nl\/de\/wp-json\/wp\/v2\/users\/1"}],"replies":[{"embeddable":true,"href":"https:\/\/tryplo.nl\/de\/wp-json\/wp\/v2\/comments?post=1205"}],"version-history":[{"count":4,"href":"https:\/\/tryplo.nl\/de\/wp-json\/wp\/v2\/pages\/1205\/revisions"}],"predecessor-version":[{"id":1484,"href":"https:\/\/tryplo.nl\/de\/wp-json\/wp\/v2\/pages\/1205\/revisions\/1484"}],"wp:attachment":[{"href":"https:\/\/tryplo.nl\/de\/wp-json\/wp\/v2\/media?parent=1205"}],"curies":[{"name":"wp","href":"https:\/\/api.w.org\/{rel}","templated":true}]}}